{"id":6100,"date":"2023-09-04T14:42:11","date_gmt":"2023-09-04T14:42:11","guid":{"rendered":"http:\/\/51.210.142.131\/?page_id=6100"},"modified":"2025-06-09T17:26:23","modified_gmt":"2025-06-09T17:26:23","slug":"opportunities","status":"publish","type":"page","link":"https:\/\/caixamagica.pt\/de\/opportunities\/","title":{"rendered":"Open Positions"},"content":{"rendered":"<div data-elementor-type=\"wp-page\" data-elementor-id=\"6100\" class=\"elementor elementor-6100\">\n\t\t\t\t\t\t\t\t\t<section class=\"elementor-section elementor-top-section elementor-element elementor-element-73c2b44 elementor-section-boxed elementor-section-height-default elementor-section-height-default\" data-id=\"73c2b44\" data-element_type=\"section\" id=\"open-positions-container\">\n\t\t\t\t\t\t<div class=\"elementor-container elementor-column-gap-default\">\n\t\t\t\t\t<div class=\"elementor-column elementor-col-100 elementor-top-column elementor-element elementor-element-e6aad4c col-12\" data-id=\"e6aad4c\" data-element_type=\"column\">\n\t\t\t<div class=\"elementor-widget-wrap elementor-element-populated\">\n\t\t\t\t\t\t\t\t<div class=\"elementor-element elementor-element-44ac61a elementor-widget elementor-widget-heading\" data-id=\"44ac61a\" data-element_type=\"widget\" data-widget_type=\"heading.default\">\n\t\t\t\t<div class=\"elementor-widget-container\">\n\t\t\t<style>\/*! elementor - v3.17.0 - 08-11-2023 *\/\n.elementor-heading-title{padding:0;margin:0;line-height:1}.elementor-widget-heading .elementor-heading-title[class*=elementor-size-]>a{color:inherit;font-size:inherit;line-height:inherit}.elementor-widget-heading .elementor-heading-title.elementor-size-small{font-size:15px}.elementor-widget-heading .elementor-heading-title.elementor-size-medium{font-size:19px}.elementor-widget-heading .elementor-heading-title.elementor-size-large{font-size:29px}.elementor-widget-heading .elementor-heading-title.elementor-size-xl{font-size:39px}.elementor-widget-heading .elementor-heading-title.elementor-size-xxl{font-size:59px}<\/style><h2 class=\"elementor-heading-title elementor-size-default\">Open positions<\/h2>\t\t<\/div>\n\t\t\t\t<\/div>\n\t\t\t\t<div class=\"elementor-element elementor-element-cbe6fdf elementor-widget elementor-widget-text-editor\" data-id=\"cbe6fdf\" data-element_type=\"widget\" data-widget_type=\"text-editor.default\">\n\t\t\t\t<div class=\"elementor-widget-container\">\n\t\t\t<style>\/*! elementor - v3.17.0 - 08-11-2023 *\/\n.elementor-widget-text-editor.elementor-drop-cap-view-stacked .elementor-drop-cap{background-color:#69727d;color:#fff}.elementor-widget-text-editor.elementor-drop-cap-view-framed .elementor-drop-cap{color:#69727d;border:3px solid;background-color:transparent}.elementor-widget-text-editor:not(.elementor-drop-cap-view-default) .elementor-drop-cap{margin-top:8px}.elementor-widget-text-editor:not(.elementor-drop-cap-view-default) .elementor-drop-cap-letter{width:1em;height:1em}.elementor-widget-text-editor .elementor-drop-cap{float:left;text-align:center;line-height:1;font-size:50px}.elementor-widget-text-editor .elementor-drop-cap-letter{display:inline-block}<\/style>\t\t\t\t<p>View our current job opening in this page. If you can&#8217;t find the role you are looking for, send your CV to <a href=\"mailto:talentos@caixamagica.pt\">talentos@caixamagica.pt<\/a><\/p>\t\t\t\t\t\t<\/div>\n\t\t\t\t<\/div>\n\t\t\t\t<div class=\"elementor-element elementor-element-b1843e2 elementor-widget elementor-widget-shortcode\" data-id=\"b1843e2\" data-element_type=\"widget\" data-widget_type=\"shortcode.default\">\n\t\t\t\t<div class=\"elementor-widget-container\">\n\t\t\t\t\t<div class=\"elementor-shortcode\"><script type=\"text\/javascript\" id=\"rbox-loader-script\">\nif(!window._rbox){\n_rbox = { host_protocol:document.location.protocol, ready:function(cb){this.onready=cb;} };\n(function(d, e) {\n    var s, t, i, src=['\/static\/client-src-served\/widget\/11997\/rbox_api.js', '\/static\/client-src-served\/widget\/11997\/rbox_impl.js'];\n    t = d.getElementsByTagName(e); t=t[t.length - 1];\n    for(i=0; i<src.length; i++) {\n        s = d.createElement(e); s.src = _rbox.host_protocol + '\/\/w.recruiterbox.com' + eval(\"src\" + String.fromCharCode(91) + String(i) + String.fromCharCode(93));\n        t.parentNode.insertBefore(s, t.nextSibling);\n    }})(document, 'script');\n}\n\n<\/script><\/div>\n\t\t\t\t<\/div>\n\t\t\t\t<\/div>\n\t\t\t\t\t<\/div>\n\t\t<\/div>\n\t\t\t\t\t\t\t<\/div>\n\t\t<\/section>\n\t\t\t\t\t\t\t<\/div>","protected":false},"excerpt":{"rendered":"<p>Open positions View our current job opening in this page. If you can&#8217;t find the role you are looking for, send your CV to talentos@caixamagica.pt<\/p>","protected":false},"author":1,"featured_media":0,"parent":0,"menu_order":0,"comment_status":"closed","ping_status":"closed","template":"","meta":{"inline_featured_image":false,"footnotes":""},"class_list":["post-6100","page","type-page","status-publish","hentry"],"acf":[],"yoast_head":"<!-- This site is optimized with the Yoast SEO plugin v21.5 - https:\/\/yoast.com\/wordpress\/plugins\/seo\/ -->\n<title>Open Positions | IT Careers at Caixa M\u00e1gica<\/title>\n<meta name=\"description\" content=\"Explore all current open positions at Caixa M\u00e1gica and join our team driving innovation in open-source and custom software solutions.\" \/>\n<meta name=\"robots\" content=\"index, follow, max-snippet:-1, max-image-preview:large, max-video-preview:-1\" \/>\n<link rel=\"canonical\" href=\"https:\/\/caixamagica.pt\/de\/opportunities\/\" \/>\n<meta property=\"og:locale\" content=\"de_DE\" \/>\n<meta property=\"og:type\" content=\"article\" \/>\n<meta property=\"og:title\" content=\"Open Positions | IT Careers at Caixa M\u00e1gica\" \/>\n<meta property=\"og:description\" content=\"Explore all current open positions at Caixa M\u00e1gica and join our team driving innovation in open-source and custom software solutions.\" \/>\n<meta property=\"og:url\" content=\"https:\/\/caixamagica.pt\/de\/opportunities\/\" \/>\n<meta property=\"og:site_name\" content=\"Caixa M\u00e1gica Software\" \/>\n<meta property=\"article:publisher\" content=\"https:\/\/www.facebook.com\/CaixaMagicaSoftware\" \/>\n<meta property=\"article:modified_time\" content=\"2025-06-09T17:26:23+00:00\" \/>\n<meta name=\"twitter:card\" content=\"summary_large_image\" \/>\n<meta name=\"twitter:label1\" content=\"Gesch\u00e4tzte Lesezeit\" \/>\n\t<meta name=\"twitter:data1\" content=\"1\u00a0Minute\" \/>\n<script type=\"application\/ld+json\" class=\"yoast-schema-graph\">{\"@context\":\"https:\/\/schema.org\",\"@graph\":[{\"@type\":\"WebPage\",\"@id\":\"https:\/\/caixamagica.pt\/opportunities\/\",\"url\":\"https:\/\/caixamagica.pt\/opportunities\/\",\"name\":\"Open Positions | IT Careers at Caixa M\u00e1gica\",\"isPartOf\":{\"@id\":\"https:\/\/caixamagica.pt\/#website\"},\"datePublished\":\"2023-09-04T14:42:11+00:00\",\"dateModified\":\"2025-06-09T17:26:23+00:00\",\"description\":\"Explore all current open positions at Caixa M\u00e1gica and join our team driving innovation in open-source and custom software solutions.\",\"breadcrumb\":{\"@id\":\"https:\/\/caixamagica.pt\/opportunities\/#breadcrumb\"},\"inLanguage\":\"de\",\"potentialAction\":[{\"@type\":\"ReadAction\",\"target\":[\"https:\/\/caixamagica.pt\/opportunities\/\"]}]},{\"@type\":\"BreadcrumbList\",\"@id\":\"https:\/\/caixamagica.pt\/opportunities\/#breadcrumb\",\"itemListElement\":[{\"@type\":\"ListItem\",\"position\":1,\"name\":\"In\u00edcio\",\"item\":\"https:\/\/caixamagica.pt\/\"},{\"@type\":\"ListItem\",\"position\":2,\"name\":\"Open Positions\"}]},{\"@type\":\"WebSite\",\"@id\":\"https:\/\/caixamagica.pt\/#website\",\"url\":\"https:\/\/caixamagica.pt\/\",\"name\":\"Caixa M\u00e1gica Software\",\"description\":\"Caixa Magica Software create technological solutions in the areas of mobile, web, and automotive, with over 19 years of experience in developing for various market segments.\",\"publisher\":{\"@id\":\"https:\/\/caixamagica.pt\/#organization\"},\"alternateName\":\"CMS\",\"potentialAction\":[{\"@type\":\"SearchAction\",\"target\":{\"@type\":\"EntryPoint\",\"urlTemplate\":\"https:\/\/caixamagica.pt\/?s={search_term_string}\"},\"query-input\":\"required name=search_term_string\"}],\"inLanguage\":\"de\"},{\"@type\":\"Organization\",\"@id\":\"https:\/\/caixamagica.pt\/#organization\",\"name\":\"Caixa M\u00e1gica Software\",\"alternateName\":\"CMS\",\"url\":\"https:\/\/caixamagica.pt\/\",\"logo\":{\"@type\":\"ImageObject\",\"inLanguage\":\"de\",\"@id\":\"https:\/\/caixamagica.pt\/#\/schema\/logo\/image\/\",\"url\":\"https:\/\/caixamagica.pt\/wp-content\/uploads\/2023\/09\/cropped-Favicon-CMS-v2.png\",\"contentUrl\":\"https:\/\/caixamagica.pt\/wp-content\/uploads\/2023\/09\/cropped-Favicon-CMS-v2.png\",\"width\":512,\"height\":512,\"caption\":\"Caixa M\u00e1gica Software\"},\"image\":{\"@id\":\"https:\/\/caixamagica.pt\/#\/schema\/logo\/image\/\"},\"sameAs\":[\"https:\/\/www.facebook.com\/CaixaMagicaSoftware\",\"https:\/\/www.instagram.com\/caixamagicasoftware\/\",\"https:\/\/www.linkedin.com\/company\/caixa-magica-software\"]}]}<\/script>\n<!-- \/ Yoast SEO plugin. -->","yoast_head_json":{"title":"Offene Stellen | IT-Karrieren bei Caixa M\u00e1gica","description":"Entdecken Sie alle offenen Stellen bei Caixa M\u00e1gica und werden Sie Teil unseres Teams, das Innovation in Open-Source- und ma\u00dfgeschneiderten Softwarel\u00f6sungen vorantreibt.","robots":{"index":"index","follow":"follow","max-snippet":"max-snippet:-1","max-image-preview":"max-image-preview:large","max-video-preview":"max-video-preview:-1"},"canonical":"https:\/\/caixamagica.pt\/de\/opportunities\/","og_locale":"de_DE","og_type":"article","og_title":"Open Positions | IT Careers at Caixa M\u00e1gica","og_description":"Explore all current open positions at Caixa M\u00e1gica and join our team driving innovation in open-source and custom software solutions.","og_url":"https:\/\/caixamagica.pt\/de\/opportunities\/","og_site_name":"Caixa M\u00e1gica Software","article_publisher":"https:\/\/www.facebook.com\/CaixaMagicaSoftware","article_modified_time":"2025-06-09T17:26:23+00:00","twitter_card":"summary_large_image","twitter_misc":{"Gesch\u00e4tzte Lesezeit":"1\u00a0Minute"},"schema":{"@context":"https:\/\/schema.org","@graph":[{"@type":"WebPage","@id":"https:\/\/caixamagica.pt\/opportunities\/","url":"https:\/\/caixamagica.pt\/opportunities\/","name":"Offene Stellen | IT-Karrieren bei Caixa M\u00e1gica","isPartOf":{"@id":"https:\/\/caixamagica.pt\/#website"},"datePublished":"2023-09-04T14:42:11+00:00","dateModified":"2025-06-09T17:26:23+00:00","description":"Entdecken Sie alle offenen Stellen bei Caixa M\u00e1gica und werden Sie Teil unseres Teams, das Innovation in Open-Source- und ma\u00dfgeschneiderten Softwarel\u00f6sungen vorantreibt.","breadcrumb":{"@id":"https:\/\/caixamagica.pt\/opportunities\/#breadcrumb"},"inLanguage":"de","potentialAction":[{"@type":"ReadAction","target":["https:\/\/caixamagica.pt\/opportunities\/"]}]},{"@type":"BreadcrumbList","@id":"https:\/\/caixamagica.pt\/opportunities\/#breadcrumb","itemListElement":[{"@type":"ListItem","position":1,"name":"In\u00edcio","item":"https:\/\/caixamagica.pt\/"},{"@type":"ListItem","position":2,"name":"Open Positions"}]},{"@type":"WebSite","@id":"https:\/\/caixamagica.pt\/#website","url":"https:\/\/caixamagica.pt\/","name":"Caixa M\u00e1gica Software","description":"Caixa Magica Software create technological solutions in the areas of mobile, web, and automotive, with over 19 years of experience in developing for various market segments.","publisher":{"@id":"https:\/\/caixamagica.pt\/#organization"},"alternateName":"CMS","potentialAction":[{"@type":"SearchAction","target":{"@type":"EntryPoint","urlTemplate":"https:\/\/caixamagica.pt\/?s={search_term_string}"},"query-input":"required name=search_term_string"}],"inLanguage":"de"},{"@type":"Organization","@id":"https:\/\/caixamagica.pt\/#organization","name":"Caixa M\u00e1gica Software","alternateName":"CMS","url":"https:\/\/caixamagica.pt\/","logo":{"@type":"ImageObject","inLanguage":"de","@id":"https:\/\/caixamagica.pt\/#\/schema\/logo\/image\/","url":"https:\/\/caixamagica.pt\/wp-content\/uploads\/2023\/09\/cropped-Favicon-CMS-v2.png","contentUrl":"https:\/\/caixamagica.pt\/wp-content\/uploads\/2023\/09\/cropped-Favicon-CMS-v2.png","width":512,"height":512,"caption":"Caixa M\u00e1gica Software"},"image":{"@id":"https:\/\/caixamagica.pt\/#\/schema\/logo\/image\/"},"sameAs":["https:\/\/www.facebook.com\/CaixaMagicaSoftware","https:\/\/www.instagram.com\/caixamagicasoftware\/","https:\/\/www.linkedin.com\/company\/caixa-magica-software"]}]}},"amp_enabled":true,"_links":{"self":[{"href":"https:\/\/caixamagica.pt\/de\/wp-json\/wp\/v2\/pages\/6100","targetHints":{"allow":["GET"]}}],"collection":[{"href":"https:\/\/caixamagica.pt\/de\/wp-json\/wp\/v2\/pages"}],"about":[{"href":"https:\/\/caixamagica.pt\/de\/wp-json\/wp\/v2\/types\/page"}],"author":[{"embeddable":true,"href":"https:\/\/caixamagica.pt\/de\/wp-json\/wp\/v2\/users\/1"}],"replies":[{"embeddable":true,"href":"https:\/\/caixamagica.pt\/de\/wp-json\/wp\/v2\/comments?post=6100"}],"version-history":[{"count":284,"href":"https:\/\/caixamagica.pt\/de\/wp-json\/wp\/v2\/pages\/6100\/revisions"}],"predecessor-version":[{"id":12069,"href":"https:\/\/caixamagica.pt\/de\/wp-json\/wp\/v2\/pages\/6100\/revisions\/12069"}],"wp:attachment":[{"href":"https:\/\/caixamagica.pt\/de\/wp-json\/wp\/v2\/media?parent=6100"}],"curies":[{"name":"wp","href":"https:\/\/api.w.org\/{rel}","templated":true}]}}